{"id":1996,"date":"2018-03-25T00:59:44","date_gmt":"2018-03-24T23:59:44","guid":{"rendered":"http:\/\/www.rodarummet.org\/web\/?page_id=1996"},"modified":"2026-02-26T13:07:50","modified_gmt":"2026-02-26T12:07:50","slug":"2011-2","status":"publish","type":"page","link":"http:\/\/www.rodarummet.org\/web\/aldre-nummer\/2011-2\/","title":{"rendered":"2011"},"content":{"rendered":"<p><img loading=\"lazy\" decoding=\"async\" class=\"wp-image-1998 alignleft\" src=\"http:\/\/www.rodarummet.org\/web\/wp-content\/uploads\/2018\/03\/mullcad-722x1024.jpg\" alt=\"\" width=\"252\" height=\"357\" srcset=\"http:\/\/www.rodarummet.org\/web\/wp-content\/uploads\/2018\/03\/mullcad-722x1024.jpg 722w, http:\/\/www.rodarummet.org\/web\/wp-content\/uploads\/2018\/03\/mullcad-212x300.jpg 212w, http:\/\/www.rodarummet.org\/web\/wp-content\/uploads\/2018\/03\/mullcad-768x1089.jpg 768w, http:\/\/www.rodarummet.org\/web\/wp-content\/uploads\/2018\/03\/mullcad.jpg 1102w\" sizes=\"auto, (max-width: 252px) 100vw, 252px\" \/> <img loading=\"lazy\" decoding=\"async\" class=\"alignleft  wp-image-1997\" src=\"http:\/\/www.rodarummet.org\/web\/wp-content\/uploads\/2018\/03\/Etta-3-4-11.jpg\" alt=\"\" width=\"256\" height=\"358\" srcset=\"http:\/\/www.rodarummet.org\/web\/wp-content\/uploads\/2018\/03\/Etta-3-4-11.jpg 305w, http:\/\/www.rodarummet.org\/web\/wp-content\/uploads\/2018\/03\/Etta-3-4-11-214x300.jpg 214w\" sizes=\"auto, (max-width: 256px) 100vw, 256px\" \/><\/p>\n<h2>Nr 1-2\/2011\u00a0\u00a0\u00a0\u00a0\u00a0\u00a0\u00a0\u00a0\u00a0\u00a0\u00a0\u00a0\u00a0\u00a0\u00a0\u00a0\u00a0\u00a0\u00a0\u00a0\u00a0\u00a0\u00a0\u00a0\u00a0\u00a0\u00a0\u00a0 \u00a0 \u00a0 \u00a0 \u00a0<a href=\"http:\/\/www.rodarummet.org\/web\/wp-content\/uploads\/2011\/10\/RR_3_4_2011.pdf\" target=\"_blank\" rel=\"noopener\"> Nr 3-4\/2011<\/a><\/h2>\n<p><strong>Detta nummer \u00e4r ej tillg\u00e4ngligt<\/strong><\/p>\n<p><strong>som PDF. L\u00e4s artiklarna som<\/strong><\/p>\n<p><strong>inl\u00e4gg p\u00e5 hemsidan <a href=\"_wp_link_placeholder\" data-wplink-edit=\"true\">H\u00e4r<\/a><\/strong><\/p>\n\n\n<p><\/p>\n","protected":false},"excerpt":{"rendered":"<p>Nr 1-2\/2011\u00a0\u00a0\u00a0\u00a0\u00a0\u00a0\u00a0\u00a0\u00a0\u00a0\u00a0\u00a0\u00a0\u00a0\u00a0\u00a0\u00a0\u00a0\u00a0\u00a0\u00a0\u00a0\u00a0\u00a0\u00a0\u00a0\u00a0\u00a0 \u00a0 \u00a0 \u00a0 \u00a0 Nr 3-4\/2011 Detta nummer \u00e4r ej tillg\u00e4ngligt som PDF. L\u00e4s artiklarna som inl\u00e4gg p\u00e5 hemsidan H\u00e4r<\/p>\n","protected":false},"author":10,"featured_media":0,"parent":290,"menu_order":8,"comment_status":"closed","ping_status":"closed","template":"","meta":{"jetpack_post_was_ever_published":false,"footnotes":""},"class_list":["post-1996","page","type-page","status-publish","hentry"],"jetpack_sharing_enabled":true,"jetpack_shortlink":"https:\/\/wp.me\/PRzA9-wc","_links":{"self":[{"href":"http:\/\/www.rodarummet.org\/web\/wp-json\/wp\/v2\/pages\/1996","targetHints":{"allow":["GET"]}}],"collection":[{"href":"http:\/\/www.rodarummet.org\/web\/wp-json\/wp\/v2\/pages"}],"about":[{"href":"http:\/\/www.rodarummet.org\/web\/wp-json\/wp\/v2\/types\/page"}],"author":[{"embeddable":true,"href":"http:\/\/www.rodarummet.org\/web\/wp-json\/wp\/v2\/users\/10"}],"replies":[{"embeddable":true,"href":"http:\/\/www.rodarummet.org\/web\/wp-json\/wp\/v2\/comments?post=1996"}],"version-history":[{"count":3,"href":"http:\/\/www.rodarummet.org\/web\/wp-json\/wp\/v2\/pages\/1996\/revisions"}],"predecessor-version":[{"id":4879,"href":"http:\/\/www.rodarummet.org\/web\/wp-json\/wp\/v2\/pages\/1996\/revisions\/4879"}],"up":[{"embeddable":true,"href":"http:\/\/www.rodarummet.org\/web\/wp-json\/wp\/v2\/pages\/290"}],"wp:attachment":[{"href":"http:\/\/www.rodarummet.org\/web\/wp-json\/wp\/v2\/media?parent=1996"}],"curies":[{"name":"wp","href":"https:\/\/api.w.org\/{rel}","templated":true}]}}