{"id":2035,"date":"2018-04-08T00:43:05","date_gmt":"2018-04-07T23:43:05","guid":{"rendered":"http:\/\/www.rodarummet.org\/web\/?page_id=2035"},"modified":"2018-04-08T11:25:23","modified_gmt":"2018-04-08T10:25:23","slug":"marknadsdebatten","status":"publish","type":"page","link":"http:\/\/www.rodarummet.org\/web\/debatter\/marknadsdebatten\/","title":{"rendered":"Marknadsdebatten"},"content":{"rendered":"<p><img loading=\"lazy\" decoding=\"async\" class=\"alignleft wp-image-2037\" src=\"http:\/\/www.rodarummet.org\/web\/wp-content\/uploads\/2018\/04\/5a7edf6182f31-1.jpg\" alt=\"\" width=\"155\" height=\"262\" srcset=\"http:\/\/www.rodarummet.org\/web\/wp-content\/uploads\/2018\/04\/5a7edf6182f31-1.jpg 341w, http:\/\/www.rodarummet.org\/web\/wp-content\/uploads\/2018\/04\/5a7edf6182f31-1-178x300.jpg 178w\" sizes=\"auto, (max-width: 155px) 100vw, 155px\" \/><\/p>\n<h2>I nummer 1\/99 skrev Tomas Wid\u00e9n en recension om Sten Ljunggrens bok <span style=\"color: #000000;\"><em>Marknad och kapital &#8211; ett omaka par<\/em><\/span> vilket gav upphov till en diskussion som str\u00e4ckte sig \u00f6ver flera nummer. (Debatten tangerar och f\u00f6regrep \u00e4mnen som n\u00e5got senare behandlades i <a href=\"http:\/\/www.rodarummet.org\/web\/debatter\/planekonomi\/\" target=\"_blank\" rel=\"noopener\">Planekonomidebatten<\/a>.)<\/h2>\n<h2><span style=\"color: #0000ff;\"><a href=\"http:\/\/www.rodarummet.org\/web\/wp-content\/uploads\/2018\/04\/RMarknadsdebatt-samlad_1-3-files-merged.pdf\" target=\"_blank\" rel=\"noopener\"><strong>L\u00e4s debatten som PDF h\u00e4r<\/strong><\/a>.<\/span><\/h2>\n","protected":false},"excerpt":{"rendered":"<p>I nummer 1\/99 skrev Tomas Wid\u00e9n en recension om Sten Ljunggrens bok Marknad och kapital &#8211; ett omaka par vilket gav upphov till en diskussion som str\u00e4ckte sig \u00f6ver flera nummer. (Debatten tangerar och f\u00f6regrep \u00e4mnen som n\u00e5got senare behandlades &hellip; <a href=\"http:\/\/www.rodarummet.org\/web\/debatter\/marknadsdebatten\/\">Forts\u00e4tt l\u00e4sa <span class=\"meta-nav\">&rarr;<\/span><\/a><\/p>\n","protected":false},"author":1,"featured_media":0,"parent":1244,"menu_order":3,"comment_status":"closed","ping_status":"closed","template":"","meta":{"jetpack_post_was_ever_published":false,"footnotes":""},"class_list":["post-2035","page","type-page","status-publish","hentry"],"jetpack_sharing_enabled":true,"jetpack_shortlink":"https:\/\/wp.me\/PRzA9-wP","_links":{"self":[{"href":"http:\/\/www.rodarummet.org\/web\/wp-json\/wp\/v2\/pages\/2035","targetHints":{"allow":["GET"]}}],"collection":[{"href":"http:\/\/www.rodarummet.org\/web\/wp-json\/wp\/v2\/pages"}],"about":[{"href":"http:\/\/www.rodarummet.org\/web\/wp-json\/wp\/v2\/types\/page"}],"author":[{"embeddable":true,"href":"http:\/\/www.rodarummet.org\/web\/wp-json\/wp\/v2\/users\/1"}],"replies":[{"embeddable":true,"href":"http:\/\/www.rodarummet.org\/web\/wp-json\/wp\/v2\/comments?post=2035"}],"version-history":[{"count":2,"href":"http:\/\/www.rodarummet.org\/web\/wp-json\/wp\/v2\/pages\/2035\/revisions"}],"predecessor-version":[{"id":2049,"href":"http:\/\/www.rodarummet.org\/web\/wp-json\/wp\/v2\/pages\/2035\/revisions\/2049"}],"up":[{"embeddable":true,"href":"http:\/\/www.rodarummet.org\/web\/wp-json\/wp\/v2\/pages\/1244"}],"wp:attachment":[{"href":"http:\/\/www.rodarummet.org\/web\/wp-json\/wp\/v2\/media?parent=2035"}],"curies":[{"name":"wp","href":"https:\/\/api.w.org\/{rel}","templated":true}]}}