{"id":2057,"date":"2018-04-19T01:27:55","date_gmt":"2018-04-19T00:27:55","guid":{"rendered":"http:\/\/www.rodarummet.org\/web\/?page_id=2057"},"modified":"2018-04-19T01:50:34","modified_gmt":"2018-04-19T00:50:34","slug":"klassamhallet-och-globaliseringen","status":"publish","type":"page","link":"http:\/\/www.rodarummet.org\/web\/debatter\/klassamhallet-och-globaliseringen\/","title":{"rendered":"Klassamh\u00e4llet och globaliseringen"},"content":{"rendered":"<h2><a href=\"http:\/\/www.rodarummet.org\/web\/wp-content\/uploads\/2018\/04\/Klassdebatt.pdf\" target=\"_blank\" rel=\"noopener\"><img loading=\"lazy\" decoding=\"async\" class=\"wp-image-2058 alignright\" src=\"http:\/\/www.rodarummet.org\/web\/wp-content\/uploads\/2018\/04\/omslag-819x1024.jpg\" alt=\"\" width=\"250\" height=\"313\" srcset=\"http:\/\/www.rodarummet.org\/web\/wp-content\/uploads\/2018\/04\/omslag-819x1024.jpg 819w, http:\/\/www.rodarummet.org\/web\/wp-content\/uploads\/2018\/04\/omslag-240x300.jpg 240w, http:\/\/www.rodarummet.org\/web\/wp-content\/uploads\/2018\/04\/omslag-768x960.jpg 768w\" sizes=\"auto, (max-width: 250px) 100vw, 250px\" \/><\/a>G\u00f6ran Greider gav 1999 ut boken <em>Arbetarklassens \u00e5terkomst<\/em>. Thomas Holmgren\u00a0 recenserade den och menade bland annat att Greider underv\u00e4rderade effekterna av globaliseringen och den d\u00e4rmed sammanh\u00e4ngande f\u00f6r\u00e4ndringen av klasstrukturen. Greider gav replik.<\/h2>\n<h2><a href=\"http:\/\/www.rodarummet.org\/web\/wp-content\/uploads\/2018\/04\/Klassdebatt.pdf\" target=\"_blank\" rel=\"noopener\"><strong>H\u00e4r \u00e5terges debatten samlad.<\/strong><\/a><\/h2>\n","protected":false},"excerpt":{"rendered":"<p>G\u00f6ran Greider gav 1999 ut boken Arbetarklassens \u00e5terkomst. Thomas Holmgren\u00a0 recenserade den och menade bland annat att Greider underv\u00e4rderade effekterna av globaliseringen och den d\u00e4rmed sammanh\u00e4ngande f\u00f6r\u00e4ndringen av klasstrukturen. Greider gav replik. H\u00e4r \u00e5terges debatten samlad.<\/p>\n","protected":false},"author":1,"featured_media":0,"parent":1244,"menu_order":5,"comment_status":"closed","ping_status":"closed","template":"onecolumn-page.php","meta":{"jetpack_post_was_ever_published":false,"footnotes":""},"class_list":["post-2057","page","type-page","status-publish","hentry"],"jetpack_sharing_enabled":true,"jetpack_shortlink":"https:\/\/wp.me\/PRzA9-xb","_links":{"self":[{"href":"http:\/\/www.rodarummet.org\/web\/wp-json\/wp\/v2\/pages\/2057","targetHints":{"allow":["GET"]}}],"collection":[{"href":"http:\/\/www.rodarummet.org\/web\/wp-json\/wp\/v2\/pages"}],"about":[{"href":"http:\/\/www.rodarummet.org\/web\/wp-json\/wp\/v2\/types\/page"}],"author":[{"embeddable":true,"href":"http:\/\/www.rodarummet.org\/web\/wp-json\/wp\/v2\/users\/1"}],"replies":[{"embeddable":true,"href":"http:\/\/www.rodarummet.org\/web\/wp-json\/wp\/v2\/comments?post=2057"}],"version-history":[{"count":2,"href":"http:\/\/www.rodarummet.org\/web\/wp-json\/wp\/v2\/pages\/2057\/revisions"}],"predecessor-version":[{"id":2062,"href":"http:\/\/www.rodarummet.org\/web\/wp-json\/wp\/v2\/pages\/2057\/revisions\/2062"}],"up":[{"embeddable":true,"href":"http:\/\/www.rodarummet.org\/web\/wp-json\/wp\/v2\/pages\/1244"}],"wp:attachment":[{"href":"http:\/\/www.rodarummet.org\/web\/wp-json\/wp\/v2\/media?parent=2057"}],"curies":[{"name":"wp","href":"https:\/\/api.w.org\/{rel}","templated":true}]}}