{"id":290,"date":"2010-09-30T16:20:07","date_gmt":"2010-09-30T15:20:07","guid":{"rendered":"http:\/\/www.rodarummet.org\/web\/aldre-nummer\/"},"modified":"2026-04-02T10:28:29","modified_gmt":"2026-04-02T09:28:29","slug":"aldre-nummer","status":"publish","type":"page","link":"http:\/\/www.rodarummet.org\/web\/aldre-nummer\/","title":{"rendered":"\u00c4ldre nummer"},"content":{"rendered":"<p><strong>S\u00f6k i rullgardinsmenyn f\u00f6r \u00e4ldre \u00e5rg\u00e5ngar av R\u00f6da rummet och Fj\u00e4rde Internationalen som PDF.<br \/>\n<\/strong><\/p>\n<p><strong>Utgivningen fr\u00e5n 2010 och fram\u00e5t \u00e5terfinns ocks\u00e5 som inl\u00e4gg p\u00e5 hemsidan, det vill s\u00e4ga varje artikel separat f\u00f6r sig, vilket \u00e4r mer l\u00e4ttl\u00e4st \u00e4n som PDF. Bl\u00e4ddra bak\u00e5t (&#8221;\u00c4ldre inl\u00e4gg&#8221;) f\u00f6r att hitta dessa.<br \/>\n<\/strong><\/p>\n","protected":false},"excerpt":{"rendered":"<p>S\u00f6k i rullgardinsmenyn f\u00f6r \u00e4ldre \u00e5rg\u00e5ngar av R\u00f6da rummet och Fj\u00e4rde Internationalen som PDF. Utgivningen fr\u00e5n 2010 och fram\u00e5t \u00e5terfinns ocks\u00e5 som inl\u00e4gg p\u00e5 hemsidan, det vill s\u00e4ga varje artikel separat f\u00f6r sig, vilket \u00e4r mer l\u00e4ttl\u00e4st \u00e4n som PDF. &hellip; <a href=\"http:\/\/www.rodarummet.org\/web\/aldre-nummer\/\">Forts\u00e4tt l\u00e4sa <span class=\"meta-nav\">&rarr;<\/span><\/a><\/p>\n","protected":false},"author":1,"featured_media":0,"parent":0,"menu_order":0,"comment_status":"closed","ping_status":"closed","template":"","meta":{"jetpack_post_was_ever_published":false,"footnotes":""},"class_list":["post-290","page","type-page","status-publish","hentry"],"jetpack_sharing_enabled":true,"jetpack_shortlink":"https:\/\/wp.me\/PRzA9-4G","_links":{"self":[{"href":"http:\/\/www.rodarummet.org\/web\/wp-json\/wp\/v2\/pages\/290","targetHints":{"allow":["GET"]}}],"collection":[{"href":"http:\/\/www.rodarummet.org\/web\/wp-json\/wp\/v2\/pages"}],"about":[{"href":"http:\/\/www.rodarummet.org\/web\/wp-json\/wp\/v2\/types\/page"}],"author":[{"embeddable":true,"href":"http:\/\/www.rodarummet.org\/web\/wp-json\/wp\/v2\/users\/1"}],"replies":[{"embeddable":true,"href":"http:\/\/www.rodarummet.org\/web\/wp-json\/wp\/v2\/comments?post=290"}],"version-history":[{"count":1,"href":"http:\/\/www.rodarummet.org\/web\/wp-json\/wp\/v2\/pages\/290\/revisions"}],"predecessor-version":[{"id":2028,"href":"http:\/\/www.rodarummet.org\/web\/wp-json\/wp\/v2\/pages\/290\/revisions\/2028"}],"wp:attachment":[{"href":"http:\/\/www.rodarummet.org\/web\/wp-json\/wp\/v2\/media?parent=290"}],"curies":[{"name":"wp","href":"https:\/\/api.w.org\/{rel}","templated":true}]}}