{"id":1246,"date":"2013-02-13T14:14:02","date_gmt":"2013-02-13T13:14:02","guid":{"rendered":"http:\/\/www.rodarummet.org\/web\/"},"modified":"2013-02-13T15:28:14","modified_gmt":"2013-02-13T14:28:14","slug":"adhd-debatten","status":"publish","type":"page","link":"https:\/\/www.rodarummet.org\/web\/debatter\/adhd-debatten\/","title":{"rendered":"ADHD-debatten"},"content":{"rendered":"<h2>OPIUM \u00c5T FOLKET \u2013l\u00e4kemedelsindustrin exploaterar samh\u00e4llskrisens effekter p\u00e5 individen<\/h2>\n<p>ADHD-medicinering \u00f6kar bland unga och vuxna. Redan f\u00f6r tv\u00e5 \u00e5r sedan<a href=\"http:\/\/www.rodarummet.org\/web\/wp-content\/uploads\/2012\/04\/Dextromethylphenidate-based-on-hydrochloride-xtal-1995-3D-balls1.png\"><img loading=\"lazy\" decoding=\"async\" title=\"Dextromethylphenidate-based-on-hydrochloride-xtal-1995-3D-balls\" src=\"http:\/\/www.rodarummet.org\/web\/wp-content\/uploads\/2012\/04\/Dextromethylphenidate-based-on-hydrochloride-xtal-1995-3D-balls1-300x277.png\" alt=\"\" width=\"300\" height=\"277\" \/><\/a>uttalade FN:s kommitt\u00e9 f\u00f6r barnens r\u00e4ttigheter allvarlig oro \u00f6ver studier som p\u00e5visar snabbt \u00f6kande utskrivning av psyko\u00adstimulantia som\u00a0 Ritalin och Concerta till barn med ADHD-diagnos.<br \/>\nInom psykiatrin i Sverige anses det idag f\u00f6red\u00f6mligt att ge dessa preparat till mer \u00e4n sex procent av pojkar mellan 10 och 14 \u00e5r. Dessa anses lida av en \u00e4rftlig hj\u00e4rndefekt. Lars Lundstr\u00f6m redovisar utvecklingen och ifr\u00e5gas\u00e4tter det r\u00e5dande psykiatriska paradigmets grunder och varnar f\u00f6r dess samh\u00e4lleliga konsekvenser<img decoding=\"async\" title=\"(L\u00e4s mer...)\" src=\"http:\/\/www.rodarummet.org\/web\/wp-includes\/js\/tinymce\/plugins\/wordpress\/img\/trans.gif\" alt=\"\" \/><\/p>\n<p>Andelen svenskar med ADHD-diagnos har p\u00e5 n\u00e5gra \u00e5r m\u00e5ngdubblats. Dussintals nya privata f\u00f6retag erbjuder dyra snabbdiagnoser. F\u00f6ruts\u00e4ttningarna f\u00f6r&#8230; <a href=\"http:\/\/wp.me\/pRzA9-gU\" target=\"_blank\">L\u00e4s mer<\/a><\/p>\n<h2><strong>ADHD, L\u00c4KEMEDELSINDUSTRIN OCH V\u00c4NSTERNS UPPGIFTER<\/strong><\/h2>\n<p><strong>I sin artikel\u00a0Opium \u00e5t folket \u2013 l\u00e4kemedelsindustrin exploaterar samh\u00e4llskrisens effekter p\u00e5 individen, i f\u00f6rra numret av R\u00f6da rummet, beskrev Lars Lundstr\u00f6m ADHD-medicineringen som \u201dett kemiskt experiment utan motstycke\u201d och kritiserade skarpt diagnostikens grunder. H\u00e4r tecknar J\u00f6rgen Hassler en helt annan bild utifr\u00e5n sina erfarenheter och genm\u00e4ler samtidigt mot en rad av Lundstr\u00f6ms p\u00e5st\u00e5enden.<\/strong><br \/>\nDiagnos och behandling vid ADHD har tagits upp i flera v\u00e4nstertidningar, bland annat R\u00f6da Rummet och veckotidningen Internationalen. Perspektivet har varit kritiskt, till diagnosen i sig och framf\u00f6rallt till l\u00e4kemedelsbehandling vid ADHD. H\u00e4r \u00e4r 15 anteckningar med ett delvis annat perspektiv. <a href=\"http:\/\/wp.me\/pRzA9-jD\" target=\"_blank\">L\u00e4s mer<\/a><\/p>\n<h2>PSYKIATRISK DIAGNOSTISERING P\u00c5VERKAR HELA SAMH\u00c4LLET<\/h2>\n<h3><strong>Med konkurrensen som den avg\u00f6rande relationen mellan m\u00e4nniskor, m\u00e5ste ett nyliberalt system kunna f\u00f6rklara den allt st\u00f6rre m\u00e4ngden f\u00f6rlorare. Tidigare hade kyrkan sitt syndaregister. Nutiden laborerar med funktionshinder och symptom. Det skriver Eva K\u00e4rfve i debatten om ADHD.<\/strong><\/h3>\n<h3>I tv\u00e5 nummer av R\u00f6da rummet har ADHD-diagnostiken diskuterats. I den f\u00f6rsta <a href=\"http:\/\/wp.me\/pRzA9-hW\" target=\"_blank\">L\u00e4s mer<\/a><\/h3>\n<h2><strong>Ist\u00e4llet f\u00f6r debatt, f\u00f6rvirring<\/strong><\/h2>\n<p>En tid innan jag l\u00e4ste Eva K\u00e4rfves svar p\u00e5 min artikel i R\u00f6da Rummet 3\/2012 pratade jag med en person med autismdiagnos om de tidigare inl\u00e4ggen i debatten. Hen sa \u201djag f\u00f6rst\u00e5r inte vad det \u00e4r ni inte \u00e4r \u00f6verens om, egentligen\u201d.<\/p>\n<p>Den d\u00e4r f\u00f6rm\u00e5gan till \u2013 ska vi kalla det konkretion? \u2013 \u00e4r ju en f\u00f6rdel med autism. (Medan of\u00f6rm\u00e5gan att f\u00f6rst\u00e5 varf\u00f6r m\u00e4nniskor inte kommer \u00f6verens \u00e4r en nackdel.) Och hen har r\u00e4tt, p\u00e5 ett konkret plan \u00e4r det mycket vi \u00e4r \u00f6verens om.<\/p>\n<p>Vi \u00e4r \u00f6verens om att kommersialiseringen av den medicinska forskningen och medikaliseringen av sjukv\u00e5rden \u00e4r ett gigantiskt problem (vilket jag, till skillnad fr\u00e5n K\u00e4rfve, tyckte var ett huvudtema i min artikel).<\/p>\n<p>Vi \u00e4r ocks\u00e5 \u00f6verens om att mesta som har med ADHD att g\u00f6ra egentligen inte&#8230; <a href=\"http:\/\/wp.me\/pRzA9-jV\" target=\"_blank\">L\u00e4s mer<\/a><\/p>\n","protected":false},"excerpt":{"rendered":"<p>OPIUM \u00c5T FOLKET \u2013l\u00e4kemedelsindustrin exploaterar samh\u00e4llskrisens effekter p\u00e5 individen ADHD-medicinering \u00f6kar bland unga och vuxna. Redan f\u00f6r tv\u00e5 \u00e5r sedanuttalade FN:s kommitt\u00e9 f\u00f6r barnens r\u00e4ttigheter allvarlig oro \u00f6ver studier som p\u00e5visar snabbt \u00f6kande utskrivning av psyko\u00adstimulantia som\u00a0 Ritalin och Concerta &hellip; <a href=\"https:\/\/www.rodarummet.org\/web\/debatter\/adhd-debatten\/\">Forts\u00e4tt l\u00e4sa <span class=\"meta-nav\">&rarr;<\/span><\/a><\/p>\n","protected":false},"author":1,"featured_media":0,"parent":1244,"menu_order":0,"comment_status":"closed","ping_status":"open","template":"","meta":{"footnotes":""},"class_list":["post-1246","page","type-page","status-publish","hentry"],"jetpack_sharing_enabled":true,"jetpack_shortlink":"https:\/\/wp.me\/PRzA9-k6","_links":{"self":[{"href":"https:\/\/www.rodarummet.org\/web\/wp-json\/wp\/v2\/pages\/1246","targetHints":{"allow":["GET"]}}],"collection":[{"href":"https:\/\/www.rodarummet.org\/web\/wp-json\/wp\/v2\/pages"}],"about":[{"href":"https:\/\/www.rodarummet.org\/web\/wp-json\/wp\/v2\/types\/page"}],"author":[{"embeddable":true,"href":"https:\/\/www.rodarummet.org\/web\/wp-json\/wp\/v2\/users\/1"}],"replies":[{"embeddable":true,"href":"https:\/\/www.rodarummet.org\/web\/wp-json\/wp\/v2\/comments?post=1246"}],"version-history":[{"count":12,"href":"https:\/\/www.rodarummet.org\/web\/wp-json\/wp\/v2\/pages\/1246\/revisions"}],"predecessor-version":[{"id":1253,"href":"https:\/\/www.rodarummet.org\/web\/wp-json\/wp\/v2\/pages\/1246\/revisions\/1253"}],"up":[{"embeddable":true,"href":"https:\/\/www.rodarummet.org\/web\/wp-json\/wp\/v2\/pages\/1244"}],"wp:attachment":[{"href":"https:\/\/www.rodarummet.org\/web\/wp-json\/wp\/v2\/media?parent=1246"}],"curies":[{"name":"wp","href":"https:\/\/api.w.org\/{rel}","templated":true}]}}