{"id":4245,"date":"2025-01-29T22:25:57","date_gmt":"2025-01-29T21:25:57","guid":{"rendered":"http:\/\/www.rodarummet.org\/web\/?page_id=4245"},"modified":"2025-01-29T22:27:05","modified_gmt":"2025-01-29T21:27:05","slug":"temanummer-samlade-artiklar","status":"publish","type":"page","link":"https:\/\/www.rodarummet.org\/web\/aldre-nummer\/temanummer-samlade-artiklar\/","title":{"rendered":"Temanummer &#8211; Samlade artiklar"},"content":{"rendered":"\n<p><strong>Under v\u00e5ren 2024, medan vi inom redaktionen diskuterade hur tidskriften skulle g\u00e5 vidare efter att Internationalen lagts ned som papperstidning, sammanst\u00e4llde vi dessa temanummer med artiklar ur de senaste \u00e5rens utgivning<\/strong>. <strong>Dessa nummer gjordes endast i PDF-format och \u00e4r  inte tillg\u00e4ngliga i tryckt form.<\/strong><\/p>\n\n\n\n<figure class=\"wp-block-image size-full is-resized\"><a href=\"http:\/\/www.rodarummet.org\/web\/wp-content\/uploads\/2024\/05\/Tema-klimatet-v4.pdf\" target=\"_blank\" rel=\" noreferrer noopener\"><img loading=\"lazy\" decoding=\"async\" width=\"457\" height=\"678\" src=\"http:\/\/www.rodarummet.org\/web\/wp-content\/uploads\/2024\/05\/Etta-klimattema.jpg\" alt=\"\" class=\"wp-image-3791\" style=\"width:301px;height:auto\" srcset=\"https:\/\/www.rodarummet.org\/web\/wp-content\/uploads\/2024\/05\/Etta-klimattema.jpg 457w, https:\/\/www.rodarummet.org\/web\/wp-content\/uploads\/2024\/05\/Etta-klimattema-202x300.jpg 202w\" sizes=\"auto, (max-width: 457px) 100vw, 457px\" \/><\/a><\/figure>\n\n\n\n<figure class=\"wp-block-image size-full is-resized\"><a href=\"http:\/\/www.rodarummet.org\/web\/wp-content\/uploads\/2024\/06\/Tema-Vanstern-i-Varlden.pdf\" target=\"_blank\" rel=\" noreferrer noopener\"><img loading=\"lazy\" decoding=\"async\" width=\"591\" height=\"908\" src=\"http:\/\/www.rodarummet.org\/web\/wp-content\/uploads\/2024\/06\/Etta-Vov.jpg\" alt=\"\" class=\"wp-image-3834\" style=\"width:302px;height:auto\" srcset=\"https:\/\/www.rodarummet.org\/web\/wp-content\/uploads\/2024\/06\/Etta-Vov.jpg 591w, https:\/\/www.rodarummet.org\/web\/wp-content\/uploads\/2024\/06\/Etta-Vov-195x300.jpg 195w\" sizes=\"auto, (max-width: 591px) 100vw, 591px\" \/><\/a><\/figure>\n\n\n\n<figure class=\"wp-block-image size-full is-resized\"><a href=\"http:\/\/www.rodarummet.org\/web\/wp-content\/uploads\/2024\/05\/Tema-Fran-teori-till-praktik-v2.pdf\" target=\"_blank\" rel=\" noreferrer noopener\"><img loading=\"lazy\" decoding=\"async\" width=\"582\" height=\"835\" src=\"http:\/\/www.rodarummet.org\/web\/wp-content\/uploads\/2024\/05\/Etta-teori-o-praktik-1.jpg\" alt=\"\" class=\"wp-image-3826\" style=\"width:301px\" srcset=\"https:\/\/www.rodarummet.org\/web\/wp-content\/uploads\/2024\/05\/Etta-teori-o-praktik-1.jpg 582w, https:\/\/www.rodarummet.org\/web\/wp-content\/uploads\/2024\/05\/Etta-teori-o-praktik-1-209x300.jpg 209w\" sizes=\"auto, (max-width: 582px) 100vw, 582px\" \/><\/a><\/figure>\n\n\n<div class=\"wp-block-image\">\n<figure class=\"alignleft size-full is-resized\"><a href=\"http:\/\/www.rodarummet.org\/web\/wp-content\/uploads\/2024\/05\/Tema-familjen-v2.pdf\" target=\"_blank\" rel=\" noreferrer noopener\"><img loading=\"lazy\" decoding=\"async\" width=\"593\" height=\"898\" src=\"http:\/\/www.rodarummet.org\/web\/wp-content\/uploads\/2024\/05\/Etta-tema-Familjen.jpg\" alt=\"\" class=\"wp-image-3804\" style=\"width:298px\" srcset=\"https:\/\/www.rodarummet.org\/web\/wp-content\/uploads\/2024\/05\/Etta-tema-Familjen.jpg 593w, https:\/\/www.rodarummet.org\/web\/wp-content\/uploads\/2024\/05\/Etta-tema-Familjen-198x300.jpg 198w\" sizes=\"auto, (max-width: 593px) 100vw, 593px\" \/><\/a><\/figure>\n<\/div>\n\n<div class=\"wp-block-image\">\n<figure class=\"alignleft size-full is-resized\"><a href=\"http:\/\/www.rodarummet.org\/web\/wp-content\/uploads\/2024\/05\/Tema-Forsvaret-v.21.pdf\" target=\"_blank\" rel=\" noreferrer noopener\"><img loading=\"lazy\" decoding=\"async\" width=\"631\" height=\"942\" src=\"http:\/\/www.rodarummet.org\/web\/wp-content\/uploads\/2024\/05\/Etta-forsvaret.jpg\" alt=\"\" class=\"wp-image-3816\" style=\"width:300px\" srcset=\"https:\/\/www.rodarummet.org\/web\/wp-content\/uploads\/2024\/05\/Etta-forsvaret.jpg 631w, https:\/\/www.rodarummet.org\/web\/wp-content\/uploads\/2024\/05\/Etta-forsvaret-201x300.jpg 201w\" sizes=\"auto, (max-width: 631px) 100vw, 631px\" \/><\/a><\/figure>\n<\/div>","protected":false},"excerpt":{"rendered":"<p>Under v\u00e5ren 2024, medan vi inom redaktionen diskuterade hur tidskriften skulle g\u00e5 vidare efter att Internationalen lagts ned som papperstidning, sammanst\u00e4llde vi dessa temanummer med artiklar ur de senaste \u00e5rens utgivning. Dessa nummer gjordes endast i PDF-format och \u00e4r inte &hellip; <a href=\"https:\/\/www.rodarummet.org\/web\/aldre-nummer\/temanummer-samlade-artiklar\/\">Forts\u00e4tt l\u00e4sa <span class=\"meta-nav\">&rarr;<\/span><\/a><\/p>\n","protected":false},"author":1,"featured_media":0,"parent":290,"menu_order":-6,"comment_status":"closed","ping_status":"closed","template":"","meta":{"footnotes":""},"class_list":["post-4245","page","type-page","status-publish","hentry"],"jetpack_sharing_enabled":true,"jetpack_shortlink":"https:\/\/wp.me\/PRzA9-16t","_links":{"self":[{"href":"https:\/\/www.rodarummet.org\/web\/wp-json\/wp\/v2\/pages\/4245","targetHints":{"allow":["GET"]}}],"collection":[{"href":"https:\/\/www.rodarummet.org\/web\/wp-json\/wp\/v2\/pages"}],"about":[{"href":"https:\/\/www.rodarummet.org\/web\/wp-json\/wp\/v2\/types\/page"}],"author":[{"embeddable":true,"href":"https:\/\/www.rodarummet.org\/web\/wp-json\/wp\/v2\/users\/1"}],"replies":[{"embeddable":true,"href":"https:\/\/www.rodarummet.org\/web\/wp-json\/wp\/v2\/comments?post=4245"}],"version-history":[{"count":5,"href":"https:\/\/www.rodarummet.org\/web\/wp-json\/wp\/v2\/pages\/4245\/revisions"}],"predecessor-version":[{"id":4252,"href":"https:\/\/www.rodarummet.org\/web\/wp-json\/wp\/v2\/pages\/4245\/revisions\/4252"}],"up":[{"embeddable":true,"href":"https:\/\/www.rodarummet.org\/web\/wp-json\/wp\/v2\/pages\/290"}],"wp:attachment":[{"href":"https:\/\/www.rodarummet.org\/web\/wp-json\/wp\/v2\/media?parent=4245"}],"curies":[{"name":"wp","href":"https:\/\/api.w.org\/{rel}","templated":true}]}}